{"id":73,"date":"2025-05-19T16:13:32","date_gmt":"2025-05-19T14:13:32","guid":{"rendered":"https:\/\/www.solenzia-escapes.com\/?page_id=73"},"modified":"2025-06-11T07:06:56","modified_gmt":"2025-06-11T05:06:56","slug":"contact","status":"publish","type":"page","link":"https:\/\/www.solenzia-escapes.com\/fr\/contact\/","title":{"rendered":"CONTACT"},"content":{"rendered":"<!--themify_builder_content-->\n<div id=\"themify_builder_content-73\" data-postid=\"73\" class=\"themify_builder_content themify_builder_content-73 themify_builder tf_clear\">\n                    <div  data-css_id=\"61da177\" data-lazy=\"1\" class=\"module_row themify_builder_row fullwidth tb_61da177 tb_first tf_w\">\n            <span  class=\"builder_row_cover tf_abs\" data-lazy=\"1\"><\/span>            <div class=\"row_inner col_align_top tb_col_count_1 tf_box tf_rel\">\n                        <div  data-lazy=\"1\" class=\"module_column tb-column col-full tb_zwes177 first\">\n                    <!-- module text -->\n<div  class=\"module module-text tb_vhhi907\" data-lazy=\"1\">\n        <div  class=\"tb_text_wrap\">\n        <h1 style=\"text-align: center;\">CONTACT<\/h1>    <\/div>\n<\/div>\n<!-- \/module text --><!-- module text -->\n<div  class=\"module module-text tb_yk2d2\" data-lazy=\"1\">\n        <div  class=\"tb_text_wrap\">\n        <p style=\"text-align: center;\">Laissez-nous faire tout le travail pour vous...<\/p>    <\/div>\n<\/div>\n<!-- \/module text -->        <\/div>\n                        <\/div>\n        <\/div>\n                        <div  data-lazy=\"1\" class=\"module_row themify_builder_row tb_2st2553 tf_w\">\n                        <div class=\"row_inner col_align_top tb_col_count_1 tf_box tf_rel\">\n                        <div  data-lazy=\"1\" class=\"module_column tb-column col-full tb_rrf4553 first\">\n                    <!-- module text -->\n<div  class=\"module module-text tb_gen5610    hide-mobile wow\" data-tf-animation=\"fadeInUp\" data-lazy=\"1\">\n        <div  class=\"tb_text_wrap\">\n        <p style=\"text-align: center;\">Je suis ravie de pouvoir vous aider de la meilleure fa\u00e7on possible. Envoyez-moi toutes vos coordonn\u00e9es et je vous r\u00e9pondrai dans les plus brefs d\u00e9lais. <em>Pascale A.<\/em><\/p>\n<p style=\"text-align: center;\">Le moyen le plus simple de me joindre est d'utiliser WhatsApp : +33 6 09 06 12 32<\/p>    <\/div>\n<\/div>\n<!-- \/module text --><!-- module text -->\n<div  class=\"module module-text tb_uqac746    hide-desktop hide-tablet hide-tablet_landscape wow\" data-tf-animation=\"fadeInUp\" data-lazy=\"1\">\n        <div  class=\"tb_text_wrap\">\n        <p style=\"text-align: center;\">Je suis ravie de pouvoir vous aider de la meilleure fa\u00e7on possible. Envoyez-moi toutes vos coordonn\u00e9es et je vous r\u00e9pondrai dans les plus brefs d\u00e9lais. <em>Pascale A.<\/em><\/p>\n<p style=\"text-align: center;\">Le moyen le plus simple de me joindre est d'utiliser WhatsApp :<br>+33 6 09 06 12 32<\/p>    <\/div>\n<\/div>\n<!-- \/module text --><!-- module button pro -->\n<div  id=\"tb_so04980\" class=\"module module-button tb_so04980 button-link-external  tb_default_color\" data-lazy=\"1\">\n\t\n    <a class=\"ui builder_button tb_default_color\" href=\"https:\/\/wa.me\/33609061232?text=Hello%2C%20I&#039;m%20interested%20in%20your%20apartements.\" target=\"_blank\" rel=\"noopener\">\n\t\t\t\t<span>CONTACT VIA WHAT'S APP<\/span>\n    <\/a>\n\n\t\n\t<\/div>\n<!-- \/module button pro -->\n        <\/div>\n                        <\/div>\n        <\/div>\n                        <div  data-lazy=\"1\" class=\"module_row themify_builder_row tb_50q1562 tf_w\">\n                        <div class=\"row_inner col_align_top tb_col_count_1 tf_box tf_rel\">\n                        <div  data-lazy=\"1\" class=\"module_column tb-column col-full tb_rafe562 first\">\n                    <!-- module contact -->\n<div  id=\"tb_s79u689\" class=\"module module-contact tb_s79u689 contact-animated-label\" data-lazy=\"1\">\n    \n\t<form class=\"builder-contact\"\n\t\tid=\"tb_s79u689-form\"\n\t\tmethod=\"post\"\n\t\tdata-post-id=\"73\"\n\t\tdata-element-id=\"s79u689\"\n\t\tdata-orig-id=\"73\" action=\"\"\n\t>\n    <div class=\"contact-message\"><\/div>\n\t<input type=\"hidden\" id=\"bc_nonce\" name=\"bc_nonce\" value=\"de274d4349\" \/><input type=\"hidden\" name=\"_wp_http_referer\" value=\"\/fr\/wp-json\/wp\/v2\/pages\/73\" \/>\t<div class=\"builder-contact-fields tf_rel\">\n\t\t    \t\t    <div class=\"builder-contact-field builder-contact-field-name builder-contact-text-field\">\n\t\t\t    <label class=\"control-label\" for=\"tb_s79u689-contact-name\">\n\t\t\t\t\t\t\t\t\t\t<span class=\"tb-label-span\">Nom <\/span><span class=\"required\">*<\/span>\t\t\t\t<\/label>\n\t\t\t    <div class=\"control-input tf_rel\">\n\t\t\t\t    \t\t\t\t\t    <input type=\"text\" name=\"contact-name\" placeholder=\" \" id=\"tb_s79u689-contact-name\" value=\"\" class=\"form-control\" required>\n\t\t\t\t    \t\t\t\t    \t\t\t\t\t    <span class=\"tb_contact_label\">\n\t\t\t\t\t\t    <span class=\"tb-label-span\">Nom <\/span><span class=\"required\">*<\/span>\t\t\t\t\t    <\/span>\n\t\t\t\t    \t\t\t    <\/div>\n\t\t<\/div>\n\t    \n\t\t    \t\t    <div class=\"builder-contact-field builder-contact-field-email builder-contact-text-field\">\n\t\t\t    <label class=\"control-label\" for=\"tb_s79u689-contact-email\">\n\t\t\t\t\t\t\t\t\t\t<span class=\"tb-label-span\">Courriel <\/span><span class=\"required\">*<\/span>\t\t\t\t<\/label>\n\t\t\t    <div class=\"control-input tf_rel\">\n\t\t\t\t    \t\t\t\t\t    <input type=\"email\" name=\"contact-email\" placeholder=\" \" id=\"tb_s79u689-contact-email\" value=\"\" class=\"form-control\" required>\n\t\t\t\t    \t\t\t\t    \t\t\t\t\t    <span class=\"tb_contact_label\">\n\t\t\t\t\t\t    <span class=\"tb-label-span\">Courriel <\/span><span class=\"required\">*<\/span>\t\t\t\t\t    <\/span>\n\t\t\t\t    \t\t\t    <\/div>\n\t\t<\/div>\n\t    \n\t\t    \t\t    \t\t    <div class=\"builder-contact-field builder-contact-field-extra builder-contact-text-field builder-contact-tel-field\">\n\t\t\t\t\n\t\t\t\t<label class=\"control-label\" for=\"field_extra_tb_s79u689_0\">\n\t\t\t\t\t\n\t\t\t\t\tNum\u00e9ro de t\u00e9l\u00e9phone\t\t\t\t\t\t\t\t\t\t\t<input type=\"hidden\" name=\"field_extra_name_0\" value=\"Phone number\">\n\t\t\t\t\t\t\t\t\t<\/label>\n\t\t\t\t<div class=\"control-input tf_rel\">\n\t\t\t\t\t\t\t\t\t\t\t<input type=\"tel\" name=\"field_extra_0\" id=\"field_extra_tb_s79u689_0\" placeholder=\" \" class=\"form-control\">\n\t\t\t\t\t\n\t\t\t\t\t\t\t\t\t\t\t<span class=\"tb_contact_label\">\n\t\t\t\t\t\t\tNum\u00e9ro de t\u00e9l\u00e9phone\t\t\t\t\t\t<\/span>\n\t\t\t\t\t\t\t\t\t<\/div>\n\t\t    <\/div>\n\t    \n\t\t    \t\t    \t\t    <div class=\"builder-contact-field builder-contact-field-extra builder-contact-radio-field\">\n\t\t\t\t\n\t\t\t\t<label class=\"control-label\">\n\t\t\t\t\t\n\t\t\t\t\tVotre destination\t\t\t\t\t\t\t\t\t\t\t<input type=\"hidden\" name=\"field_extra_name_1\" value=\"Your destination\">\n\t\t\t\t\t\t\t\t\t\t\t<span class=\"required\">*<\/span>\n\t\t\t\t\t\t\t\t\t<\/label>\n\t\t\t\t<div class=\"control-input tf_rel\">\n\t\t\t\t\t\t\t\t\t\t\t\t\t\t\t\t\t\t\t\t\t\t\t\t\t\t<label>\n\t\t\t\t\t\t\t\t\t<input type=\"radio\" name=\"field_extra_1\" value=\"Saint-Tropez\" class=\"form-control\" required>Saint-Tropez\t\t\t\t\t\t\t\t<\/label>\n\t\t\t\t\t\t\t\t\t\t\t\t\t\t\t<label>\n\t\t\t\t\t\t\t\t\t<input type=\"radio\" name=\"field_extra_1\" value=\"Ibiza\" class=\"form-control\" required>Ibiza\t\t\t\t\t\t\t\t<\/label>\n\t\t\t\t\t\t\t\t\t\t\t\t\t\t\t\t\t\t\n\t\t\t\t\t\t\t\t\t<\/div>\n\t\t    <\/div>\n\t    \n\t\t    \t\t    \t\t    <div class=\"builder-contact-field builder-contact-field-extra builder-contact-text-field\">\n\t\t\t\t\n\t\t\t\t<label class=\"control-label\" for=\"field_extra_tb_s79u689_2\">\n\t\t\t\t\t\n\t\t\t\t\tDate d'arriv\u00e9e souhait\u00e9e\t\t\t\t\t\t\t\t\t\t\t<input type=\"hidden\" name=\"field_extra_name_2\" value=\"Desired arrival date\">\n\t\t\t\t\t\t\t\t\t\t\t<span class=\"required\">*<\/span>\n\t\t\t\t\t\t\t\t\t<\/label>\n\t\t\t\t<div class=\"control-input tf_rel\">\n\t\t\t\t\t\t\t\t\t\t\t<input type=\"text\" name=\"field_extra_2\" id=\"field_extra_tb_s79u689_2\" placeholder=\" \" class=\"form-control\" required>\n\t\t\t\t\t\n\t\t\t\t\t\t\t\t\t\t\t<span class=\"tb_contact_label\">\n\t\t\t\t\t\t\tDate d'arriv\u00e9e souhait\u00e9e\t\t\t\t\t\t\t\t<span class=\"required\">*<\/span>\n\t\t\t\t\t\t\t\t\t\t\t\t\t<\/span>\n\t\t\t\t\t\t\t\t\t<\/div>\n\t\t    <\/div>\n\t    \n\t\t    \t\t    \t\t    <div class=\"builder-contact-field builder-contact-field-extra builder-contact-text-field\">\n\t\t\t\t\n\t\t\t\t<label class=\"control-label\" for=\"field_extra_tb_s79u689_3\">\n\t\t\t\t\t\n\t\t\t\t\tDate de d\u00e9part souhait\u00e9e\t\t\t\t\t\t\t\t\t\t\t<input type=\"hidden\" name=\"field_extra_name_3\" value=\"Desired departure date\">\n\t\t\t\t\t\t\t\t\t\t\t<span class=\"required\">*<\/span>\n\t\t\t\t\t\t\t\t\t<\/label>\n\t\t\t\t<div class=\"control-input tf_rel\">\n\t\t\t\t\t\t\t\t\t\t\t<input type=\"text\" name=\"field_extra_3\" id=\"field_extra_tb_s79u689_3\" placeholder=\" \" class=\"form-control\" required>\n\t\t\t\t\t\n\t\t\t\t\t\t\t\t\t\t\t<span class=\"tb_contact_label\">\n\t\t\t\t\t\t\tDate de d\u00e9part souhait\u00e9e\t\t\t\t\t\t\t\t<span class=\"required\">*<\/span>\n\t\t\t\t\t\t\t\t\t\t\t\t\t<\/span>\n\t\t\t\t\t\t\t\t\t<\/div>\n\t\t    <\/div>\n\t    \n\t\t    \t\t    \t\t    <div class=\"builder-contact-field builder-contact-field-extra builder-contact-textarea-field\">\n\t\t\t\t\n\t\t\t\t<label class=\"control-label\" for=\"field_extra_tb_s79u689_4\">\n\t\t\t\t\t\n\t\t\t\t\tDemandes sp\u00e9ciales\t\t\t\t\t\t\t\t\t\t\t<input type=\"hidden\" name=\"field_extra_name_4\" value=\"Special inquiries\">\n\t\t\t\t\t\t\t\t\t<\/label>\n\t\t\t\t<div class=\"control-input tf_rel\">\n\t\t\t\t\t\t\t\t\t\t\t<textarea name=\"field_extra_4\" id=\"field_extra_tb_s79u689_4\" placeholder=\" \" class=\"form-control\"><\/textarea>\n\t\t\t\t\t\n\t\t\t\t\t\t\t\t\t\t\t<span class=\"tb_contact_label\">\n\t\t\t\t\t\t\tDemandes sp\u00e9ciales\t\t\t\t\t\t<\/span>\n\t\t\t\t\t\t\t\t\t<\/div>\n\t\t    <\/div>\n\t    \n\t\t    \t\t\n\t\t\n\t    \n\t    <div class=\"builder-contact-field builder-contact-field-send control-input tf_textl tf_clear tf_rel\">\n\t\t\t<button type=\"submit\" class=\"btn btn-primary\">\n\t\t\t\t<span class=\"tf_loader\"><\/span>\t\t\t\t<span class=\"tf_submit_icon\"><\/span> \n\t\t\t\tEnvoyer\t\t\t<\/button>\n\t    <\/div>\n\t<\/div>\n    <input type=\"hidden\" name=\"trp-form-language\" value=\"fr\"\/><\/form>\n    <\/div>\n<!-- \/module contact -->\n        <\/div>\n                        <\/div>\n        <\/div>\n        <\/div>\n<!--\/themify_builder_content-->","protected":false},"excerpt":{"rendered":"<p>CONTACT Let us do all the work for you&#8230; I am delighted to help you in the best way possible. Send me all your details and I will get back to you as soon as possible. Pascale A. The easiest way to reach me is on WhatsApp: +33 6 09 06 12 32 I am [&hellip;]<\/p>\n","protected":false},"author":1,"featured_media":0,"parent":0,"menu_order":0,"comment_status":"closed","ping_status":"closed","template":"","meta":{"_monsterinsights_skip_tracking":false,"_monsterinsights_sitenote_active":false,"_monsterinsights_sitenote_note":"","_monsterinsights_sitenote_category":0,"footnotes":""},"class_list":["post-73","page","type-page","status-publish","hentry","has-post-title","has-post-date","has-post-category","has-post-tag","has-post-comment","has-post-author",""],"builder_content":"<h1 style=\"text-align: center;\">CONTACT<\/h1>\n<p style=\"text-align: center;\">Let us do all the work for you...<\/p>\n<p style=\"text-align: center;\">I am delighted to help you in the best way possible. Send me all your details and I will get back to you as soon as possible. <em>Pascale A.<\/em><\/p> <p style=\"text-align: center;\">The easiest way to reach me is on WhatsApp: +33 6 09 06 12 32<\/p>\n<p style=\"text-align: center;\">I am delighted to help you in the best way possible. Send me all your details and I will get back to you as soon as possible. <em>Pascale A.<\/em><\/p> <p style=\"text-align: center;\">The easiest way to reach me is on WhatsApp:<br>+33 6 09 06 12 32<\/p>\n<a href=\"https:\/\/wa.me\/33609061232?text=Hello%2C%20I&#039;m%20interested%20in%20your%20apartements.\" target=\"_blank\"> CONTACT VIA WHAT'S APP <\/a>\n<form id=\"tb_s79u689-form\" method=\"post\" data-post-id=\"0\" data-element-id=\"s79u689\" data-orig-id=\"73\" > <input type=\"hidden\" id=\"bc_nonce\" name=\"bc_nonce\" value=\"de274d4349\" \/><input type=\"hidden\" name=\"_wp_http_referer\" value=\"\/fr\/wp-json\/wp\/v2\/pages\/73\" \/> <label for=\"tb_s79u689-contact-name\"> Name * <\/label> <input type=\"text\" name=\"contact-name\" placeholder=\" \" id=\"tb_s79u689-contact-name\" value=\"\" required> Name * <label for=\"tb_s79u689-contact-email\"> Email * <\/label> <input type=\"email\" name=\"contact-email\" placeholder=\" \" id=\"tb_s79u689-contact-email\" value=\"\" required> Email * <label for=\"field_extra_tb_s79u689_0\"> Phone number <input type=\"hidden\" name=\"field_extra_name_0\" value=\"Phone number\"> <\/label> <input type=\"tel\" name=\"field_extra_0\" id=\"field_extra_tb_s79u689_0\" placeholder=\" \"> Phone number <label> Your destination <input type=\"hidden\" name=\"field_extra_name_1\" value=\"Your destination\"> * <\/label> <label> <input type=\"radio\" name=\"field_extra_1\" value=\"Saint-Tropez\" required>Saint-Tropez <\/label> <label> <input type=\"radio\" name=\"field_extra_1\" value=\"Ibiza\" required>Ibiza <\/label> <label for=\"field_extra_tb_s79u689_2\"> Desired arrival date <input type=\"hidden\" name=\"field_extra_name_2\" value=\"Desired arrival date\"> * <\/label> <input type=\"text\" name=\"field_extra_2\" id=\"field_extra_tb_s79u689_2\" placeholder=\" \" required> Desired arrival date * <label for=\"field_extra_tb_s79u689_3\"> Desired departure date <input type=\"hidden\" name=\"field_extra_name_3\" value=\"Desired departure date\"> * <\/label> <input type=\"text\" name=\"field_extra_3\" id=\"field_extra_tb_s79u689_3\" placeholder=\" \" required> Desired departure date * <label for=\"field_extra_tb_s79u689_4\"> Special inquiries <input type=\"hidden\" name=\"field_extra_name_4\" value=\"Special inquiries\"> <\/label> <textarea name=\"field_extra_4\" id=\"field_extra_tb_s79u689_4\" placeholder=\" \"><\/textarea> Special inquiries <button type=\"submit\"> Send <\/button> <\/form>","_links":{"self":[{"href":"https:\/\/www.solenzia-escapes.com\/fr\/wp-json\/wp\/v2\/pages\/73","targetHints":{"allow":["GET"]}}],"collection":[{"href":"https:\/\/www.solenzia-escapes.com\/fr\/wp-json\/wp\/v2\/pages"}],"about":[{"href":"https:\/\/www.solenzia-escapes.com\/fr\/wp-json\/wp\/v2\/types\/page"}],"author":[{"embeddable":true,"href":"https:\/\/www.solenzia-escapes.com\/fr\/wp-json\/wp\/v2\/users\/1"}],"replies":[{"embeddable":true,"href":"https:\/\/www.solenzia-escapes.com\/fr\/wp-json\/wp\/v2\/comments?post=73"}],"version-history":[{"count":0,"href":"https:\/\/www.solenzia-escapes.com\/fr\/wp-json\/wp\/v2\/pages\/73\/revisions"}],"wp:attachment":[{"href":"https:\/\/www.solenzia-escapes.com\/fr\/wp-json\/wp\/v2\/media?parent=73"}],"curies":[{"name":"wp","href":"https:\/\/api.w.org\/{rel}","templated":true}]}}